{"id":500,"date":"2024-03-06T18:00:47","date_gmt":"2024-03-06T17:00:47","guid":{"rendered":"https:\/\/comercialantelo.es\/?page_id=500"},"modified":"2024-03-22T18:57:06","modified_gmt":"2024-03-22T17:57:06","slug":"aviso-legal","status":"publish","type":"page","link":"https:\/\/comercialantelo.es\/gl\/aviso-legal\/","title":{"rendered":"Aviso Legal"},"content":{"rendered":"<div data-elementor-type=\"wp-page\" data-elementor-id=\"500\" class=\"elementor elementor-500\">\n\t\t\t\t<div class=\"elementor-element elementor-element-6f3083ea e-flex e-con-boxed e-con e-parent\" data-id=\"6f3083ea\" data-element_type=\"container\" data-settings=\"{&quot;background_background&quot;:&quot;gradient&quot;}\">\n\t\t\t\t\t<div class=\"e-con-inner\">\n\t\t\t\t<div class=\"elementor-element elementor-element-5378884 elementor-widget elementor-widget-heading\" data-id=\"5378884\" data-element_type=\"widget\" data-widget_type=\"heading.default\">\n\t\t\t\t<div class=\"elementor-widget-container\">\n\t\t\t\t\t<h2 class=\"elementor-heading-title elementor-size-default\">Aviso Legal<\/h2>\t\t\t\t<\/div>\n\t\t\t\t<\/div>\n\t\t\t\t\t<\/div>\n\t\t\t\t<\/div>\n\t\t<div class=\"elementor-element elementor-element-e8cf30e e-flex e-con-boxed e-con e-parent\" data-id=\"e8cf30e\" data-element_type=\"container\">\n\t\t\t\t\t<div class=\"e-con-inner\">\n\t\t\t\t<div class=\"elementor-element elementor-element-3e97260 elementor-widget elementor-widget-text-editor\" data-id=\"3e97260\" data-element_type=\"widget\" data-widget_type=\"text-editor.default\">\n\t\t\t\t<div class=\"elementor-widget-container\">\n\t\t\t\t\t\t\t\t\t<h3>\u00a0IDENTIFICACI\u00d3N E TITULARIDADE<\/h3><p>En cumprimento do artigo 10 da Lei 34 \/ 2002, do 11 de xullo, de Servizos da Sociedade da Informaci\u00f3n e Comercio Electr\u00f3nico, o Titular exp\u00f3n os seus datos identificativos.<\/p><p><strong>Titular:<\/strong>\u00a0Comercial G. Antelo, S.L.<\/p><p><strong>CIF:<\/strong>B70118799<\/p><p><strong>Enderezo:<\/strong>\u00a0Avda. das Bra\u00f1as, 45 izq, 15830 Negreira. A Coru\u00f1a.<\/p><p><strong>Correo electr\u00f3nico:<\/strong>\u00a0<a href=\"mailto:comercialantelo@gmail.com\" target=\"_blank\" rel=\"noopener\">comercialantelo@gmail.com<\/a><\/p><p><strong>Sitio Web URL:<\/strong>\u00a0<a href=\"https:\/\/comercialantelo.es\/gl\/\" target=\"_blank\" rel=\"noopener\">www.comercialantelo.es<\/a><\/p><p>A finalidade do sitio web URL \u00e9 mostrar os servizos que se poden proporcionar e permitir o contacto de posibles clientes.<\/p><h3>CONDICI\u00d3NS DE USO<\/h3><p>A utilizaci\u00f3n do sitio web out\u00f3rgalle a condici\u00f3n de Usuario, e implica a aceptaci\u00f3n completa de todas as cl\u00e1usulas e condici\u00f3ns de uso inclu\u00eddas nesta p\u00e1xina. Se non estivese conforme con todas e cada unha destas cl\u00e1usulas e condici\u00f3ns abst\u00e9\u00f1ase de utilizar este sitio web. O acceso a este sitio web non sup\u00f3n, de ning\u00fan xeito, o inicio dunha relaci\u00f3n comercial co Titular. A trav\u00e9s deste sitio web, o Titular facil\u00edtalle o acceso e a utilizaci\u00f3n de diversos contidos que o Titular ou os seus colaboradores publicaron por medio da internet. Para ese efecto, vostede est\u00e1 obrigado e comprometido a NON utilizar calquera dos contidos do sitio web con fins ou efectos il\u00edcitos, prohibidos neste Aviso Legal ou pola lexislaci\u00f3n vixente, lesivos dos dereitos e intereses de terceiros, ou que de calquera forma poidan danar, inutilizar, sobrecargar, deteriorar ou impedir a normal utilizaci\u00f3n dos contidos, os equipos inform\u00e1ticos ou os documentos, arquivos e toda clase de contidos almacenados en calquera equipo inform\u00e1tico propios ou contratados polo Titular, doutros usuarios ou de calquera usuario da internet.<\/p><h3>CONTIDOS<\/h3><p>O Titular obtivo a informaci\u00f3n, o contido multimedia e os materiais inclu\u00eddos no sitio web de fontes que considera fiables, pero, a\u00ednda que tomou todas as medidas razoables para asegurar que a informaci\u00f3n contida \u00e9 correcta, o Titular non garante que sexa exacta, completa ou actualizada. O Titular declina expresamente calquera responsabilidade por erro ou omisi\u00f3n na informaci\u00f3n contida nas p\u00e1xinas deste sitio web. Queda prohibido transmitir ou enviar a trav\u00e9s do sitio web calquera contido ilegal ou il\u00edcito, virus inform\u00e1ticos, ou mensaxes que, en xeral, afecten ou violen dereitos do Titular ou de terceiros. Os contidos do Sitio web te\u00f1en unicamente unha finalidade informativa e baixo ningunha circunstancia deben usarse nin considerarse como oferta de venda, solicitude dunha oferta de compra nin recomendaci\u00f3n para realizar calquera outra operaci\u00f3n, salvo que as\u00ed se indique expresamente. O Titular res\u00e9rvase o dereito para modificar, suspender, cancelar ou restrinxir o contido do Sitio web, os v\u00ednculos ou a informaci\u00f3n obtida a trav\u00e9s do sitio web, sen necesidade de aviso previo\/previo aviso. O Titular non \u00e9 responsable dos danos e prexu\u00edzos que puidesen derivarse da utilizaci\u00f3n da informaci\u00f3n do sitio web ou da contida nas redes sociais do Titular.<\/p><h3>\u00a0LIGAZ\u00d3NS DE INTERESE A OUTROS SITIOS WEB<\/h3><p>O Titular pode proporcionarlle acceso a sitios web de terceiros mediante ligaz\u00f3ns coa finalidade de informar sobre a existencia doutras fontes de informaci\u00f3n na internet nas que poder\u00e1 ampliar os datos ofrecidos no sitio web. Estas ligaz\u00f3ns a outros sitios web non supo\u00f1en en ning\u00fan caso unha suxesti\u00f3n ou recomendaci\u00f3n para que vostede visite as p\u00e1xinas web de destino, que est\u00e1n f\u00f3ra do control do Titular, polo que Titular non \u00e9 responsable do contido dos sitios web vinculados nin do resultado que obte\u00f1a ao seguir as ligaz\u00f3ns. As\u00ed mesmo, o Titular non responde dos links ou ligaz\u00f3ns situadas nos sitios web vinculados aos que lle proporciona acceso. O establecemento da ligaz\u00f3n non implica en ning\u00fan caso a existencia de relaci\u00f3ns entre Titular e o propietario do sitio no que se estableza a ligaz\u00f3n, nin a aceptaci\u00f3n ou aprobaci\u00f3n por parte do Titular dos seus contidos ou servizos. Se accede a un sitio web externo desde unha ligaz\u00f3n que atope no Sitio web vostede deber\u00e1 ler a propia pol\u00edtica de privacidade do outro sitio web que pode ser diferente da deste sitio web.<\/p><h3>\u00a0PROPIEDADE INTELECTUAL E INDUSTRIAL<\/h3><p>Todos os dereitos est\u00e1n reservados. Todo acceso a este sitio web est\u00e1 suxeito \u00e1s seguintes condici\u00f3ns: a reproduci\u00f3n, almacenaxe permanente e a difusi\u00f3n dos contidos ou calquera outro uso que te\u00f1a finalidade p\u00fablica ou comercial queda expresamente prohibida sen o consentimento previo expreso e por escrito de Titular.<\/p><h3>LIMITACI\u00d3N DE RESPONSABILIDADE<\/h3><p>A informaci\u00f3n e servizos inclu\u00eddos ou dispo\u00f1ibles a trav\u00e9s deste sitio web poden inclu\u00edr incorrecciones ou erros tipogr\u00e1ficos. De forma peri\u00f3dica o Titular incorpora melloras e\/o cambios \u00e1 informaci\u00f3n contida e\/o os Servizos que pode introducir en calquera momento. O Titular non declara nin garante que os servizos ou contidos sexan interrompidos ou que estean libres de erros, que os defectos sexan corrixidos, ou que o servizo ou o servidor que o pon ao dispor estean libres de virus ou outros compo\u00f1entes nocivos sen prexu\u00edzo de que o Titular realiza todos os esforzos en evitar este tipo de incidentes. Titular declina calquera responsabilidade no caso de que existan interrupci\u00f3ns ou un mal funcionamento dos Servizos ou contidos ofrecidos na internet, calquera que sexa a s\u00faa causa. As\u00ed mesmo, o Titular non se fai responsable por ca\u00eddas da rede, perdas de negocio como consecuencia de @dicha ca\u00eddas, suspensi\u00f3ns temporais de flu\u00eddo el\u00e9ctrico ou calquera outro tipo de dano indirecto que che poida ser causado por causas alleas ao Titular. Antes de tomar decisi\u00f3ns e\/o acci\u00f3ns con base \u00e1 informaci\u00f3n inclu\u00edda no sitio web, o Titular recom\u00e9ndalle comprobar e contrastar a informaci\u00f3n recibida con outras fontes.<\/p><h3>XURISDICI\u00d3N<\/h3><p>Este Aviso Legal r\u00e9xese integramente pola lexislaci\u00f3n espa\u00f1ola. Sempre que non haxa unha norma que obrigue a outra cousa, para cantas cuesti\u00f3ns susc\u00edtense sobre a interpretaci\u00f3n, aplicaci\u00f3n e cumprimento deste Aviso Legal, as\u00ed como das reclamaci\u00f3ns que poidan derivarse do seu uso, as partes acordan someterse aos Xu\u00edces e Tribunais da provincia da Coru\u00f1a, con renuncia expresa de calquera outra xurisdici\u00f3n que puidese corresponderlles.<\/p><h3>POL\u00cdTICA DE DATOS<\/h3><p>O presente sitio web unicamente trata o nome, tel\u00e9fono e o email recibidos a trav\u00e9s do correo electr\u00f3nico, sendo utilizados estes unicamente para contestar a ese contacto. Pode contactar a trav\u00e9s do correo electr\u00f3nico para solicitar estes datos non sexan utilizados.<\/p>\t\t\t\t\t\t\t\t<\/div>\n\t\t\t\t<\/div>\n\t\t\t\t\t<\/div>\n\t\t\t\t<\/div>\n\t\t<footer class=\"elementor-element elementor-element-2e266f6e e-flex e-con-boxed e-con e-parent\" data-id=\"2e266f6e\" data-element_type=\"container\" data-settings=\"{&quot;background_background&quot;:&quot;classic&quot;}\">\n\t\t\t\t\t<div class=\"e-con-inner\">\n\t\t<div class=\"elementor-element elementor-element-4a7886d8 e-con-full e-flex e-con e-child\" data-id=\"4a7886d8\" data-element_type=\"container\">\n\t\t\t\t<div class=\"elementor-element elementor-element-6b803cad elementor-widget elementor-widget-image\" data-id=\"6b803cad\" data-element_type=\"widget\" data-widget_type=\"image.default\">\n\t\t\t\t<div class=\"elementor-widget-container\">\n\t\t\t\t\t\t\t\t\t\t\t\t\t\t\t<img fetchpriority=\"high\" decoding=\"async\" width=\"600\" height=\"600\" src=\"https:\/\/comercialantelo.es\/wp-content\/uploads\/2024\/03\/comercial-antelo-negreira.png\" class=\"attachment-full size-full wp-image-700\" alt=\"\" srcset=\"https:\/\/comercialantelo.es\/wp-content\/uploads\/2024\/03\/comercial-antelo-negreira.png 600w, https:\/\/comercialantelo.es\/wp-content\/uploads\/2024\/03\/comercial-antelo-negreira-300x300.png 300w, https:\/\/comercialantelo.es\/wp-content\/uploads\/2024\/03\/comercial-antelo-negreira-150x150.png 150w, https:\/\/comercialantelo.es\/wp-content\/uploads\/2024\/03\/comercial-antelo-negreira-12x12.png 12w\" sizes=\"(max-width: 600px) 100vw, 600px\" \/>\t\t\t\t\t\t\t\t\t\t\t\t\t\t\t<\/div>\n\t\t\t\t<\/div>\n\t\t\t\t<\/div>\n\t\t<div class=\"elementor-element elementor-element-12981f48 e-con-full e-flex e-con e-child\" data-id=\"12981f48\" data-element_type=\"container\">\n\t\t\t\t<div class=\"elementor-element elementor-element-69dffe96 elementor-icon-list--layout-inline elementor-tablet-align-center elementor-align-center elementor-list-item-link-full_width elementor-widget elementor-widget-icon-list\" data-id=\"69dffe96\" data-element_type=\"widget\" data-widget_type=\"icon-list.default\">\n\t\t\t\t<div class=\"elementor-widget-container\">\n\t\t\t\t\t\t\t<ul class=\"elementor-icon-list-items elementor-inline-items\">\n\t\t\t\t\t\t\t<li class=\"elementor-icon-list-item elementor-inline-item\">\n\t\t\t\t\t\t\t\t\t\t<span class=\"elementor-icon-list-text\">981 88 64 16<\/span>\n\t\t\t\t\t\t\t\t\t<\/li>\n\t\t\t\t\t\t\t\t<li class=\"elementor-icon-list-item elementor-inline-item\">\n\t\t\t\t\t\t\t\t\t\t<span class=\"elementor-icon-list-text\">Av. das Bra\u00f1as, 45, 15830 Negreira, A Coru\u00f1a<\/span>\n\t\t\t\t\t\t\t\t\t<\/li>\n\t\t\t\t\t\t<\/ul>\n\t\t\t\t\t\t<\/div>\n\t\t\t\t<\/div>\n\t\t\t\t<\/div>\n\t\t<div class=\"elementor-element elementor-element-25363901 e-con-full e-flex e-con e-child\" data-id=\"25363901\" data-element_type=\"container\">\n\t\t\t\t<div class=\"elementor-element elementor-element-1410f5db e-grid-align-right e-grid-align-tablet-right e-grid-align-mobile-center elementor-widget-mobile__width-inherit elementor-shape-rounded elementor-grid-0 elementor-widget elementor-widget-social-icons\" data-id=\"1410f5db\" data-element_type=\"widget\" data-widget_type=\"social-icons.default\">\n\t\t\t\t<div class=\"elementor-widget-container\">\n\t\t\t\t\t\t\t<div class=\"elementor-social-icons-wrapper elementor-grid\">\n\t\t\t\t\t\t\t<span class=\"elementor-grid-item\">\n\t\t\t\t\t<a class=\"elementor-icon elementor-social-icon elementor-social-icon-facebook-f elementor-repeater-item-3f1b7ac\" href=\"https:\/\/www.facebook.com\/comercialantelonegreira\" target=\"_blank\">\n\t\t\t\t\t\t<span class=\"elementor-screen-only\">Facebook-f<\/span>\n\t\t\t\t\t\t<svg class=\"e-font-icon-svg e-fab-facebook-f\" viewbox=\"0 0 320 512\" xmlns=\"http:\/\/www.w3.org\/2000\/svg\"><path d=\"M279.14 288l14.22-92.66h-88.91v-60.13c0-25.35 12.42-50.06 52.24-50.06h40.42V6.26S260.43 0 225.36 0c-73.22 0-121.08 44.38-121.08 124.72v70.62H22.89V288h81.39v224h100.17V288z\"><\/path><\/svg>\t\t\t\t\t<\/a>\n\t\t\t\t<\/span>\n\t\t\t\t\t\t\t<span class=\"elementor-grid-item\">\n\t\t\t\t\t<a class=\"elementor-icon elementor-social-icon elementor-social-icon-instagram elementor-repeater-item-5c0ce3c\" href=\"https:\/\/www.instagram.com\/comercialantelonegreira=\" target=\"_blank\">\n\t\t\t\t\t\t<span class=\"elementor-screen-only\">Instagram<\/span>\n\t\t\t\t\t\t<svg class=\"e-font-icon-svg e-fab-instagram\" viewbox=\"0 0 448 512\" xmlns=\"http:\/\/www.w3.org\/2000\/svg\"><path d=\"M224.1 141c-63.6 0-114.9 51.3-114.9 114.9s51.3 114.9 114.9 114.9S339 319.5 339 255.9 287.7 141 224.1 141zm0 189.6c-41.1 0-74.7-33.5-74.7-74.7s33.5-74.7 74.7-74.7 74.7 33.5 74.7 74.7-33.6 74.7-74.7 74.7zm146.4-194.3c0 14.9-12 26.8-26.8 26.8-14.9 0-26.8-12-26.8-26.8s12-26.8 26.8-26.8 26.8 12 26.8 26.8zm76.1 27.2c-1.7-35.9-9.9-67.7-36.2-93.9-26.2-26.2-58-34.4-93.9-36.2-37-2.1-147.9-2.1-184.9 0-35.8 1.7-67.6 9.9-93.9 36.1s-34.4 58-36.2 93.9c-2.1 37-2.1 147.9 0 184.9 1.7 35.9 9.9 67.7 36.2 93.9s58 34.4 93.9 36.2c37 2.1 147.9 2.1 184.9 0 35.9-1.7 67.7-9.9 93.9-36.2 26.2-26.2 34.4-58 36.2-93.9 2.1-37 2.1-147.8 0-184.8zM398.8 388c-7.8 19.6-22.9 34.7-42.6 42.6-29.5 11.7-99.5 9-132.1 9s-102.7 2.6-132.1-9c-19.6-7.8-34.7-22.9-42.6-42.6-11.7-29.5-9-99.5-9-132.1s-2.6-102.7 9-132.1c7.8-19.6 22.9-34.7 42.6-42.6 29.5-11.7 99.5-9 132.1-9s102.7-2.6 132.1 9c19.6 7.8 34.7 22.9 42.6 42.6 11.7 29.5 9 99.5 9 132.1s2.7 102.7-9 132.1z\"><\/path><\/svg>\t\t\t\t\t<\/a>\n\t\t\t\t<\/span>\n\t\t\t\t\t<\/div>\n\t\t\t\t\t\t<\/div>\n\t\t\t\t<\/div>\n\t\t\t\t<\/div>\n\t\t\t\t\t<\/div>\n\t\t\t\t<\/footer>\n\t\t\t\t<\/div>","protected":false},"excerpt":{"rendered":"<p>Aviso Legal \u00a0IDENTIFICACI\u00d3N Y TITULARIDAD En cumplimiento del art\u00edculo 10 de la Ley 34 \/ 2002, de 11 de julio, de Servicios de la Sociedad de la Informaci\u00f3n y Comercio Electr\u00f3nico, el Titular expone sus datos identificativos. Titular:\u00a0Comercial G. Antelo, S.L. CIF:B70118799 Domicilio:\u00a0Avda. das Bra\u00f1as, 45 izq, 15830 Negreira. A Coru\u00f1a. Correo electr\u00f3nico:\u00a0comercialantelo@gmail.com Sitio Web&hellip;&nbsp;<a href=\"https:\/\/comercialantelo.es\/gl\/aviso-legal\/\" class=\"\" rel=\"bookmark\">Read More &raquo;<span class=\"screen-reader-text\">Aviso Legal<\/span><\/a><\/p>","protected":false},"author":1,"featured_media":0,"parent":0,"menu_order":0,"comment_status":"closed","ping_status":"closed","template":"","meta":{"neve_meta_sidebar":"","neve_meta_container":"full-width","neve_meta_enable_content_width":"","neve_meta_content_width":0,"neve_meta_title_alignment":"","neve_meta_author_avatar":"","neve_post_elements_order":"","neve_meta_disable_header":"","neve_meta_disable_footer":"","neve_meta_disable_title":"on","neve_meta_reading_time":"","_ti_tpc_template_sync":false,"_ti_tpc_template_id":"","footnotes":""},"yoast_head":"<!-- This site is optimized with the Yoast SEO plugin v23.0 - https:\/\/yoast.com\/wordpress\/plugins\/seo\/ -->\n<title>Aviso Legal - Comercial Antelo<\/title>\n<meta name=\"robots\" content=\"index, follow, max-snippet:-1, max-image-preview:large, max-video-preview:-1\" \/>\n<link rel=\"canonical\" href=\"https:\/\/comercialantelo.es\/gl\/aviso-legal\/\" \/>\n<meta property=\"og:locale\" content=\"gl_ES\" \/>\n<meta property=\"og:type\" content=\"article\" \/>\n<meta property=\"og:title\" content=\"Aviso Legal - Comercial Antelo\" \/>\n<meta property=\"og:description\" content=\"Aviso Legal \u00a0IDENTIFICACI\u00d3N Y TITULARIDAD En cumplimiento del art\u00edculo 10 de la Ley 34 \/ 2002, de 11 de julio, de Servicios de la Sociedad de la Informaci\u00f3n y Comercio Electr\u00f3nico, el Titular expone sus datos identificativos. Titular:\u00a0Comercial G. Antelo, S.L. CIF:B70118799 Domicilio:\u00a0Avda. das Bra\u00f1as, 45 izq, 15830 Negreira. A Coru\u00f1a. Correo electr\u00f3nico:\u00a0comercialantelo@gmail.com Sitio Web&hellip;&nbsp;Read More &raquo;Aviso Legal\" \/>\n<meta property=\"og:url\" content=\"https:\/\/comercialantelo.es\/gl\/aviso-legal\/\" \/>\n<meta property=\"og:site_name\" content=\"Comercial Antelo\" \/>\n<meta property=\"article:publisher\" content=\"https:\/\/www.facebook.com\/comercialantelonegreira\" \/>\n<meta property=\"article:modified_time\" content=\"2024-03-22T17:57:06+00:00\" \/>\n<meta property=\"og:image\" content=\"http:\/\/comercialantelo.es\/wp-content\/uploads\/2024\/03\/comercial-antelo-negreira.png\" \/>\n<meta name=\"twitter:card\" content=\"summary_large_image\" \/>\n<meta name=\"twitter:label1\" content=\"Tempo de lectura\" \/>\n\t<meta name=\"twitter:data1\" content=\"6 minutos\" \/>\n<script type=\"application\/ld+json\" class=\"yoast-schema-graph\">{\"@context\":\"https:\/\/schema.org\",\"@graph\":[{\"@type\":\"WebPage\",\"@id\":\"https:\/\/comercialantelo.es\/aviso-legal\/\",\"url\":\"https:\/\/comercialantelo.es\/aviso-legal\/\",\"name\":\"Aviso Legal - Comercial Antelo\",\"isPartOf\":{\"@id\":\"https:\/\/comercialantelo.es\/#website\"},\"primaryImageOfPage\":{\"@id\":\"https:\/\/comercialantelo.es\/aviso-legal\/#primaryimage\"},\"image\":{\"@id\":\"https:\/\/comercialantelo.es\/aviso-legal\/#primaryimage\"},\"thumbnailUrl\":\"http:\/\/comercialantelo.es\/wp-content\/uploads\/2024\/03\/comercial-antelo-negreira.png\",\"datePublished\":\"2024-03-06T17:00:47+00:00\",\"dateModified\":\"2024-03-22T17:57:06+00:00\",\"breadcrumb\":{\"@id\":\"https:\/\/comercialantelo.es\/aviso-legal\/#breadcrumb\"},\"inLanguage\":\"gl-ES\",\"potentialAction\":[{\"@type\":\"ReadAction\",\"target\":[\"https:\/\/comercialantelo.es\/aviso-legal\/\"]}]},{\"@type\":\"ImageObject\",\"inLanguage\":\"gl-ES\",\"@id\":\"https:\/\/comercialantelo.es\/aviso-legal\/#primaryimage\",\"url\":\"http:\/\/comercialantelo.es\/wp-content\/uploads\/2024\/03\/comercial-antelo-negreira.png\",\"contentUrl\":\"http:\/\/comercialantelo.es\/wp-content\/uploads\/2024\/03\/comercial-antelo-negreira.png\"},{\"@type\":\"BreadcrumbList\",\"@id\":\"https:\/\/comercialantelo.es\/aviso-legal\/#breadcrumb\",\"itemListElement\":[{\"@type\":\"ListItem\",\"position\":1,\"name\":\"Portada\",\"item\":\"https:\/\/comercialantelo.es\/\"},{\"@type\":\"ListItem\",\"position\":2,\"name\":\"Aviso Legal\"}]},{\"@type\":\"WebSite\",\"@id\":\"https:\/\/comercialantelo.es\/#website\",\"url\":\"https:\/\/comercialantelo.es\/\",\"name\":\"Comercial Antelo\",\"description\":\"El hospital para su maquinaria\",\"publisher\":{\"@id\":\"https:\/\/comercialantelo.es\/#organization\"},\"potentialAction\":[{\"@type\":\"SearchAction\",\"target\":{\"@type\":\"EntryPoint\",\"urlTemplate\":\"https:\/\/comercialantelo.es\/?s={search_term_string}\"},\"query-input\":\"required name=search_term_string\"}],\"inLanguage\":\"gl-ES\"},{\"@type\":\"Organization\",\"@id\":\"https:\/\/comercialantelo.es\/#organization\",\"name\":\"Comercial Antelo\",\"url\":\"https:\/\/comercialantelo.es\/\",\"logo\":{\"@type\":\"ImageObject\",\"inLanguage\":\"gl-ES\",\"@id\":\"https:\/\/comercialantelo.es\/#\/schema\/logo\/image\/\",\"url\":\"https:\/\/comercialantelo.es\/wp-content\/uploads\/2024\/02\/logo-comercial-antelo-negreira.png\",\"contentUrl\":\"https:\/\/comercialantelo.es\/wp-content\/uploads\/2024\/02\/logo-comercial-antelo-negreira.png\",\"width\":400,\"height\":400,\"caption\":\"Comercial Antelo\"},\"image\":{\"@id\":\"https:\/\/comercialantelo.es\/#\/schema\/logo\/image\/\"},\"sameAs\":[\"https:\/\/www.facebook.com\/comercialantelonegreira\",\"https:\/\/www.instagram.com\/comercialantelonegreira\/\"]}]}<\/script>\n<!-- \/ Yoast SEO plugin. -->","yoast_head_json":{"title":"Aviso Legal - Comercial Antelo","robots":{"index":"index","follow":"follow","max-snippet":"max-snippet:-1","max-image-preview":"max-image-preview:large","max-video-preview":"max-video-preview:-1"},"canonical":"https:\/\/comercialantelo.es\/gl\/aviso-legal\/","og_locale":"gl_ES","og_type":"article","og_title":"Aviso Legal - Comercial Antelo","og_description":"Aviso Legal \u00a0IDENTIFICACI\u00d3N Y TITULARIDAD En cumplimiento del art\u00edculo 10 de la Ley 34 \/ 2002, de 11 de julio, de Servicios de la Sociedad de la Informaci\u00f3n y Comercio Electr\u00f3nico, el Titular expone sus datos identificativos. Titular:\u00a0Comercial G. Antelo, S.L. CIF:B70118799 Domicilio:\u00a0Avda. das Bra\u00f1as, 45 izq, 15830 Negreira. A Coru\u00f1a. Correo electr\u00f3nico:\u00a0comercialantelo@gmail.com Sitio Web&hellip;&nbsp;Read More &raquo;Aviso Legal","og_url":"https:\/\/comercialantelo.es\/gl\/aviso-legal\/","og_site_name":"Comercial Antelo","article_publisher":"https:\/\/www.facebook.com\/comercialantelonegreira","article_modified_time":"2024-03-22T17:57:06+00:00","og_image":[{"url":"http:\/\/comercialantelo.es\/wp-content\/uploads\/2024\/03\/comercial-antelo-negreira.png"}],"twitter_card":"summary_large_image","twitter_misc":{"Tempo de lectura":"6 minutos"},"schema":{"@context":"https:\/\/schema.org","@graph":[{"@type":"WebPage","@id":"https:\/\/comercialantelo.es\/aviso-legal\/","url":"https:\/\/comercialantelo.es\/aviso-legal\/","name":"Aviso Legal - Comercial Antelo","isPartOf":{"@id":"https:\/\/comercialantelo.es\/#website"},"primaryImageOfPage":{"@id":"https:\/\/comercialantelo.es\/aviso-legal\/#primaryimage"},"image":{"@id":"https:\/\/comercialantelo.es\/aviso-legal\/#primaryimage"},"thumbnailUrl":"http:\/\/comercialantelo.es\/wp-content\/uploads\/2024\/03\/comercial-antelo-negreira.png","datePublished":"2024-03-06T17:00:47+00:00","dateModified":"2024-03-22T17:57:06+00:00","breadcrumb":{"@id":"https:\/\/comercialantelo.es\/aviso-legal\/#breadcrumb"},"inLanguage":"gl-ES","potentialAction":[{"@type":"ReadAction","target":["https:\/\/comercialantelo.es\/aviso-legal\/"]}]},{"@type":"ImageObject","inLanguage":"gl-ES","@id":"https:\/\/comercialantelo.es\/aviso-legal\/#primaryimage","url":"http:\/\/comercialantelo.es\/wp-content\/uploads\/2024\/03\/comercial-antelo-negreira.png","contentUrl":"http:\/\/comercialantelo.es\/wp-content\/uploads\/2024\/03\/comercial-antelo-negreira.png"},{"@type":"BreadcrumbList","@id":"https:\/\/comercialantelo.es\/aviso-legal\/#breadcrumb","itemListElement":[{"@type":"ListItem","position":1,"name":"Portada","item":"https:\/\/comercialantelo.es\/"},{"@type":"ListItem","position":2,"name":"Aviso Legal"}]},{"@type":"WebSite","@id":"https:\/\/comercialantelo.es\/#website","url":"https:\/\/comercialantelo.es\/","name":"Comercial Antelo","description":"El hospital para su maquinaria","publisher":{"@id":"https:\/\/comercialantelo.es\/#organization"},"potentialAction":[{"@type":"SearchAction","target":{"@type":"EntryPoint","urlTemplate":"https:\/\/comercialantelo.es\/?s={search_term_string}"},"query-input":"required name=search_term_string"}],"inLanguage":"gl-ES"},{"@type":"Organization","@id":"https:\/\/comercialantelo.es\/#organization","name":"Comercial Antelo","url":"https:\/\/comercialantelo.es\/","logo":{"@type":"ImageObject","inLanguage":"gl-ES","@id":"https:\/\/comercialantelo.es\/#\/schema\/logo\/image\/","url":"https:\/\/comercialantelo.es\/wp-content\/uploads\/2024\/02\/logo-comercial-antelo-negreira.png","contentUrl":"https:\/\/comercialantelo.es\/wp-content\/uploads\/2024\/02\/logo-comercial-antelo-negreira.png","width":400,"height":400,"caption":"Comercial Antelo"},"image":{"@id":"https:\/\/comercialantelo.es\/#\/schema\/logo\/image\/"},"sameAs":["https:\/\/www.facebook.com\/comercialantelonegreira","https:\/\/www.instagram.com\/comercialantelonegreira\/"]}]}},"_links":{"self":[{"href":"https:\/\/comercialantelo.es\/gl\/wp-json\/wp\/v2\/pages\/500"}],"collection":[{"href":"https:\/\/comercialantelo.es\/gl\/wp-json\/wp\/v2\/pages"}],"about":[{"href":"https:\/\/comercialantelo.es\/gl\/wp-json\/wp\/v2\/types\/page"}],"author":[{"embeddable":true,"href":"https:\/\/comercialantelo.es\/gl\/wp-json\/wp\/v2\/users\/1"}],"replies":[{"embeddable":true,"href":"https:\/\/comercialantelo.es\/gl\/wp-json\/wp\/v2\/comments?post=500"}],"version-history":[{"count":18,"href":"https:\/\/comercialantelo.es\/gl\/wp-json\/wp\/v2\/pages\/500\/revisions"}],"predecessor-version":[{"id":887,"href":"https:\/\/comercialantelo.es\/gl\/wp-json\/wp\/v2\/pages\/500\/revisions\/887"}],"wp:attachment":[{"href":"https:\/\/comercialantelo.es\/gl\/wp-json\/wp\/v2\/media?parent=500"}],"curies":[{"name":"wp","href":"https:\/\/api.w.org\/{rel}","templated":true}]}}